{"id":717,"date":"2025-03-02T16:59:19","date_gmt":"2025-03-02T16:59:19","guid":{"rendered":"https:\/\/edu.dades.cat\/?page_id=717"},"modified":"2025-03-02T17:00:36","modified_gmt":"2025-03-02T17:00:36","slug":"contacte","status":"publish","type":"page","link":"https:\/\/edu.dades.cat\/index.php\/contacte\/","title":{"rendered":"Contacte"},"content":{"rendered":"\n<main class=\"wp-block-group is-layout-flow wp-container-core-group-is-layout-b87d622f wp-block-group-is-layout-flow\" style=\"margin-top:0;margin-bottom:0;padding-top:0px;padding-bottom:0px;line-height:2\">\n<div class=\"wp-block-group alignfull has-global-padding is-layout-constrained wp-container-core-group-is-layout-3317f9b0 wp-block-group-is-layout-constrained\" style=\"padding-top:var(--wp--preset--spacing--10);padding-right:var(--wp--preset--spacing--50);padding-bottom:var(--wp--preset--spacing--10);padding-left:var(--wp--preset--spacing--50)\">\n<div class=\"wp-block-group is-nowrap is-layout-flex wp-container-core-group-is-layout-b6b71352 wp-block-group-is-layout-flex\" style=\"padding-right:0;padding-left:0\">\n<div class=\"wp-block-group is-nowrap is-layout-flex wp-container-core-group-is-layout-6c531013 wp-block-group-is-layout-flex\">\n<figure class=\"wp-block-image size-medium is-style-rounded wp-container-content-9cfa9a5a is-style-rounded--1\"><img loading=\"lazy\" decoding=\"async\" width=\"300\" height=\"282\" src=\"https:\/\/edu.dades.cat\/wp-content\/uploads\/2025\/03\/comunica2-300x282.png\" alt=\"\" class=\"wp-image-718\" srcset=\"https:\/\/edu.dades.cat\/wp-content\/uploads\/2025\/03\/comunica2-300x282.png 300w, https:\/\/edu.dades.cat\/wp-content\/uploads\/2025\/03\/comunica2.png 319w\" sizes=\"auto, (max-width: 300px) 100vw, 300px\" \/><\/figure>\n<\/div>\n\n\n\n<div class=\"wp-block-group is-layout-flow wp-container-core-group-is-layout-27fe6e22 wp-block-group-is-layout-flow\" style=\"padding-right:0;padding-left:var(--wp--preset--spacing--40);line-height:2\">\n<h1 class=\"wp-block-heading has-text-align-left has-inter-font-family has-x-large-font-size\" style=\"padding-top:var(--wp--preset--spacing--10);padding-left:0;line-height:1.2\"><strong>Contacte<\/strong><\/h1>\n\n\n\n<p class=\"has-text-align-left\" style=\"padding-top:var(--wp--preset--spacing--10)\"><\/p>\n\n\n\n<p><\/p>\n\n\n\n<h4 class=\"wp-block-heading has-inter-font-family\"><\/h4>\n\n\n\n<p><\/p>\n\n\n\n<p style=\"padding-top:var(--wp--preset--spacing--10)\"><\/p>\n\n\n\n<p class=\"has-text-align-left has-inter-font-family\" style=\"text-decoration:none\"><\/p>\n\n\n\n<div style=\"height:1.25rem\" aria-hidden=\"true\" class=\"wp-block-spacer\"><\/div>\n<\/div>\n<\/div>\n<\/div>\n\n\n\n<div class=\"wp-block-group alignfull justify-text has-background has-inter-font-family has-small-font-size has-global-padding is-layout-constrained wp-container-core-group-is-layout-cd6163fc wp-block-group-is-layout-constrained\" style=\"background-color:#ffffff87;margin-top:0;margin-bottom:0;padding-top:var(--wp--preset--spacing--10);padding-right:var(--wp--preset--spacing--50);padding-bottom:var(--wp--preset--spacing--10);padding-left:var(--wp--preset--spacing--50);line-height:1.8\">\n<div class=\"wp-block-group is-vertical is-layout-flex wp-container-core-group-is-layout-40f5052d wp-block-group-is-layout-flex\" style=\"padding-top:0;padding-bottom:0;line-height:2.5\">\n<p class=\"has-small-font-size\">Ens podeu trobar a:<\/p>\n\n\n\n<p>C\/Sant Joan 14, 08230 Matadepera<\/p>\n\n\n\n<p>tel. 937871132<\/p>\n\n\n\n<p>Meritxell Cano &#8211; xell@dades.cat<\/p>\n\n\n\n<p><strong><a href=\"https:\/\/api.whatsapp.com\/send?phone=34625405472\">m\u00f2b. 651 187 222<\/a><\/strong><\/p>\n\n\n\n<p class=\"has-small-font-size\">Si mires la p\u00e0gina des d&#8217;un m\u00f2bil, si ho desitjeu i estem conectats, ara mateix podeu comunicar-vos amb nosaltres per whatsapp (entrant el n\u00famero de m\u00f2bil o provant amb el link):<\/p>\n<\/div>\n\n\n\n<p style=\"padding-top:var(--wp--preset--spacing--10)\"><\/p>\n\n\n\n<figure class=\"wp-block-image size-full\"><a href=\"https:\/\/api.whatsapp.com\/send?phone=34625405472\"><img loading=\"lazy\" decoding=\"async\" width=\"217\" height=\"79\" src=\"https:\/\/edu.dades.cat\/wp-content\/uploads\/2025\/03\/whats.jpg\" alt=\"\" class=\"wp-image-719\"\/><\/a><\/figure>\n\n\n\n<p><\/p>\n\n\n\n<p style=\"padding-top:var(--wp--preset--spacing--10)\"><\/p>\n<\/div>\n<\/main>\n\n\n\n<p><\/p>\n","protected":false},"excerpt":{"rendered":"<p>Contacte Ens podeu trobar a: C\/Sant Joan 14, 08230 Matadepera tel. 937871132 Meritxell Cano &#8211; xell@dades.cat m\u00f2b. 651 187 222 Si mires la p\u00e0gina des d&#8217;un m\u00f2bil, si ho desitjeu i estem conectats, ara mateix podeu comunicar-vos amb nosaltres per whatsapp (entrant el n\u00famero de m\u00f2bil o provant amb el link):<\/p>\n","protected":false},"author":1,"featured_media":0,"parent":0,"menu_order":0,"comment_status":"closed","ping_status":"closed","template":"wp-custom-template-custom-template-2","meta":{"footnotes":""},"folder":[],"class_list":["post-717","page","type-page","status-publish","hentry"],"_links":{"self":[{"href":"https:\/\/edu.dades.cat\/index.php\/wp-json\/wp\/v2\/pages\/717","targetHints":{"allow":["GET"]}}],"collection":[{"href":"https:\/\/edu.dades.cat\/index.php\/wp-json\/wp\/v2\/pages"}],"about":[{"href":"https:\/\/edu.dades.cat\/index.php\/wp-json\/wp\/v2\/types\/page"}],"author":[{"embeddable":true,"href":"https:\/\/edu.dades.cat\/index.php\/wp-json\/wp\/v2\/users\/1"}],"replies":[{"embeddable":true,"href":"https:\/\/edu.dades.cat\/index.php\/wp-json\/wp\/v2\/comments?post=717"}],"version-history":[{"count":2,"href":"https:\/\/edu.dades.cat\/index.php\/wp-json\/wp\/v2\/pages\/717\/revisions"}],"predecessor-version":[{"id":723,"href":"https:\/\/edu.dades.cat\/index.php\/wp-json\/wp\/v2\/pages\/717\/revisions\/723"}],"wp:attachment":[{"href":"https:\/\/edu.dades.cat\/index.php\/wp-json\/wp\/v2\/media?parent=717"}],"wp:term":[{"taxonomy":"folder","embeddable":true,"href":"https:\/\/edu.dades.cat\/index.php\/wp-json\/wp\/v2\/folder?post=717"}],"curies":[{"name":"wp","href":"https:\/\/api.w.org\/{rel}","templated":true}]}}